{"id":1083,"date":"2022-03-29T16:31:01","date_gmt":"2022-03-29T16:31:01","guid":{"rendered":"https:\/\/homolog.investbelohorizonte.com.br\/?page_id=1083"},"modified":"2022-03-29T16:34:10","modified_gmt":"2022-03-29T16:34:10","slug":"politicas-de-privacidade","status":"publish","type":"page","link":"https:\/\/investbelohorizonte.com.br\/en\/politicas-de-privacidade\/","title":{"rendered":"Pol\u00edticas de Privacidade"},"content":{"rendered":"<div data-elementor-type=\"wp-page\" data-elementor-id=\"1083\" class=\"elementor elementor-1083\">\n\t\t\t\t\t\t\t\t\t<section class=\"elementor-section elementor-top-section elementor-element elementor-element-96fd5ad elementor-section-boxed elementor-section-height-default elementor-section-height-default\" data-id=\"96fd5ad\" data-element_type=\"section\" data-settings=\"{&quot;jet_parallax_layout_list&quot;:[],&quot;background_background&quot;:&quot;classic&quot;,&quot;_ha_eqh_enable&quot;:false}\">\n\t\t\t\t\t\t\t<div class=\"elementor-background-overlay\"><\/div>\n\t\t\t\t\t\t\t<div class=\"elementor-container elementor-column-gap-default\">\n\t\t\t\t\t<div class=\"elementor-column elementor-col-100 elementor-top-column elementor-element elementor-element-483875c\" data-id=\"483875c\" data-element_type=\"column\">\n\t\t\t<div class=\"elementor-widget-wrap elementor-element-populated\">\n\t\t\t\t\t\t\t\t<div class=\"elementor-element elementor-element-4ce0fd6 elementor-widget elementor-widget-heading\" data-id=\"4ce0fd6\" data-element_type=\"widget\" data-widget_type=\"heading.default\">\n\t\t\t\t<div class=\"elementor-widget-container\">\n\t\t\t<style>\/*! elementor - v3.6.6 - 08-06-2022 *\/\n.elementor-heading-title{padding:0;margin:0;line-height:1}.elementor-widget-heading .elementor-heading-title[class*=elementor-size-]>a{color:inherit;font-size:inherit;line-height:inherit}.elementor-widget-heading .elementor-heading-title.elementor-size-small{font-size:15px}.elementor-widget-heading .elementor-heading-title.elementor-size-medium{font-size:19px}.elementor-widget-heading .elementor-heading-title.elementor-size-large{font-size:29px}.elementor-widget-heading .elementor-heading-title.elementor-size-xl{font-size:39px}.elementor-widget-heading .elementor-heading-title.elementor-size-xxl{font-size:59px}<\/style><h2 class=\"elementor-heading-title elementor-size-default\">Pol\u00edticas de Privacidade<\/h2>\t\t<\/div>\n\t\t\t\t<\/div>\n\t\t\t\t<div class=\"elementor-element elementor-element-19e12bb elementor-widget-divider--view-line elementor-widget elementor-widget-divider\" data-id=\"19e12bb\" data-element_type=\"widget\" data-widget_type=\"divider.default\">\n\t\t\t\t<div class=\"elementor-widget-container\">\n\t\t\t<style>\/*! elementor - v3.6.6 - 08-06-2022 *\/\n.elementor-widget-divider{--divider-border-style:none;--divider-border-width:1px;--divider-color:#2c2c2c;--divider-icon-size:20px;--divider-element-spacing:10px;--divider-pattern-height:24px;--divider-pattern-size:20px;--divider-pattern-url:none;--divider-pattern-repeat:repeat-x}.elementor-widget-divider .elementor-divider{display:-webkit-box;display:-ms-flexbox;display:flex}.elementor-widget-divider .elementor-divider__text{font-size:15px;line-height:1;max-width:95%}.elementor-widget-divider .elementor-divider__element{margin:0 var(--divider-element-spacing);-ms-flex-negative:0;flex-shrink:0}.elementor-widget-divider .elementor-icon{font-size:var(--divider-icon-size)}.elementor-widget-divider .elementor-divider-separator{display:-webkit-box;display:-ms-flexbox;display:flex;margin:0;direction:ltr}.elementor-widget-divider--view-line_icon .elementor-divider-separator,.elementor-widget-divider--view-line_text .elementor-divider-separator{-webkit-box-align:center;-ms-flex-align:center;align-items:center}.elementor-widget-divider--view-line_icon .elementor-divider-separator:after,.elementor-widget-divider--view-line_icon .elementor-divider-separator:before,.elementor-widget-divider--view-line_text .elementor-divider-separator:after,.elementor-widget-divider--view-line_text .elementor-divider-separator:before{display:block;content:\"\";border-bottom:0;-webkit-box-flex:1;-ms-flex-positive:1;flex-grow:1;border-top:var(--divider-border-width) var(--divider-border-style) var(--divider-color)}.elementor-widget-divider--element-align-left .elementor-divider .elementor-divider-separator>.elementor-divider__svg:first-of-type{-webkit-box-flex:0;-ms-flex-positive:0;flex-grow:0;-ms-flex-negative:100;flex-shrink:100}.elementor-widget-divider--element-align-left .elementor-divider-separator:before{content:none}.elementor-widget-divider--element-align-left .elementor-divider__element{margin-left:0}.elementor-widget-divider--element-align-right .elementor-divider .elementor-divider-separator>.elementor-divider__svg:last-of-type{-webkit-box-flex:0;-ms-flex-positive:0;flex-grow:0;-ms-flex-negative:100;flex-shrink:100}.elementor-widget-divider--element-align-right .elementor-divider-separator:after{content:none}.elementor-widget-divider--element-align-right .elementor-divider__element{margin-right:0}.elementor-widget-divider:not(.elementor-widget-divider--view-line_text):not(.elementor-widget-divider--view-line_icon) .elementor-divider-separator{border-top:var(--divider-border-width) var(--divider-border-style) var(--divider-color)}.elementor-widget-divider--separator-type-pattern{--divider-border-style:none}.elementor-widget-divider--separator-type-pattern.elementor-widget-divider--view-line .elementor-divider-separator,.elementor-widget-divider--separator-type-pattern:not(.elementor-widget-divider--view-line) .elementor-divider-separator:after,.elementor-widget-divider--separator-type-pattern:not(.elementor-widget-divider--view-line) .elementor-divider-separator:before,.elementor-widget-divider--separator-type-pattern:not([class*=elementor-widget-divider--view]) .elementor-divider-separator{width:100%;min-height:var(--divider-pattern-height);-webkit-mask-size:var(--divider-pattern-size) 100%;mask-size:var(--divider-pattern-size) 100%;-webkit-mask-repeat:var(--divider-pattern-repeat);mask-repeat:var(--divider-pattern-repeat);background-color:var(--divider-color);-webkit-mask-image:var(--divider-pattern-url);mask-image:var(--divider-pattern-url)}.elementor-widget-divider--no-spacing{--divider-pattern-size:auto}.elementor-widget-divider--bg-round{--divider-pattern-repeat:round}.rtl .elementor-widget-divider .elementor-divider__text{direction:rtl}<\/style>\t\t<div class=\"elementor-divider\">\n\t\t\t<span class=\"elementor-divider-separator\">\n\t\t\t\t\t\t<\/span>\n\t\t<\/div>\n\t\t\t\t<\/div>\n\t\t\t\t<\/div>\n\t\t\t\t\t<\/div>\n\t\t<\/div>\n\t\t\t\t\t\t\t<\/div>\n\t\t<\/section>\n\t\t\t\t<section class=\"elementor-section elementor-top-section elementor-element elementor-element-aaa534e elementor-section-boxed elementor-section-height-default elementor-section-height-default\" data-id=\"aaa534e\" data-element_type=\"section\" data-settings=\"{&quot;jet_parallax_layout_list&quot;:[],&quot;_ha_eqh_enable&quot;:false}\">\n\t\t\t\t\t\t<div class=\"elementor-container elementor-column-gap-default\">\n\t\t\t\t\t<div class=\"elementor-column elementor-col-100 elementor-top-column elementor-element elementor-element-0062320\" data-id=\"0062320\" data-element_type=\"column\">\n\t\t\t<div class=\"elementor-widget-wrap elementor-element-populated\">\n\t\t\t\t\t\t\t\t<div class=\"elementor-element elementor-element-4ae5f75 elementor-view-stacked elementor-shape-circle elementor-widget elementor-widget-icon\" data-id=\"4ae5f75\" data-element_type=\"widget\" data-widget_type=\"icon.default\">\n\t\t\t\t<div class=\"elementor-widget-container\">\n\t\t\t\t\t<div class=\"elementor-icon-wrapper\">\n\t\t\t<div class=\"elementor-icon\">\n\t\t\t<i aria-hidden=\"true\" class=\"hm hm-arrow-down\"><\/i>\t\t\t<\/div>\n\t\t<\/div>\n\t\t\t\t<\/div>\n\t\t\t\t<\/div>\n\t\t\t\t\t<\/div>\n\t\t<\/div>\n\t\t\t\t\t\t\t<\/div>\n\t\t<\/section>\n\t\t\t\t<section class=\"elementor-section elementor-top-section elementor-element elementor-element-1c9e13d elementor-section-boxed elementor-section-height-default elementor-section-height-default\" data-id=\"1c9e13d\" data-element_type=\"section\" data-settings=\"{&quot;jet_parallax_layout_list&quot;:[],&quot;_ha_eqh_enable&quot;:false}\">\n\t\t\t\t\t\t<div class=\"elementor-container elementor-column-gap-default\">\n\t\t\t\t\t<div class=\"elementor-column elementor-col-100 elementor-top-column elementor-element elementor-element-1f052b4\" data-id=\"1f052b4\" data-element_type=\"column\">\n\t\t\t<div class=\"elementor-widget-wrap elementor-element-populated\">\n\t\t\t\t\t\t\t\t<div class=\"elementor-element elementor-element-dcb19d2 elementor-widget elementor-widget-text-editor\" data-id=\"dcb19d2\" data-element_type=\"widget\" data-widget_type=\"text-editor.default\">\n\t\t\t\t<div class=\"elementor-widget-container\">\n\t\t\t<style>\/*! elementor - v3.6.6 - 08-06-2022 *\/\n.elementor-widget-text-editor.elementor-drop-cap-view-stacked .elementor-drop-cap{background-color:#818a91;color:#fff}.elementor-widget-text-editor.elementor-drop-cap-view-framed .elementor-drop-cap{color:#818a91;border:3px solid;background-color:transparent}.elementor-widget-text-editor:not(.elementor-drop-cap-view-default) .elementor-drop-cap{margin-top:8px}.elementor-widget-text-editor:not(.elementor-drop-cap-view-default) .elementor-drop-cap-letter{width:1em;height:1em}.elementor-widget-text-editor .elementor-drop-cap{float:left;text-align:center;line-height:1;font-size:50px}.elementor-widget-text-editor .elementor-drop-cap-letter{display:inline-block}<\/style>\t\t\t\t<p><span style=\"font-weight: 400;\">A Lei Geral de Prote\u00e7\u00e3o de Dados Pessoais (LGPD), Lei 13.709\/2018, prev\u00ea uma s\u00e9rie de regras para que os dados das pessoas sejam protegidos de uso indevido.<\/span><\/p><p>\u00a0<\/p><p><span style=\"font-weight: 400;\">A seguir, apresentamos os principais pontos que dizem respeito aos usu\u00e1rios externos e nos colocamos \u00e0 disposi\u00e7\u00e3o por meio dos canais de contato para quaisquer d\u00favidas.<\/span><\/p><p><strong>1) O que s\u00e3o dados pessoais e quais podem ser solicitados pelo InvestBH?<\/strong><\/p><p><span style=\"font-weight: 400;\">S\u00e3o dados que identificam um indiv\u00edduo diretamente, como nome, CPF, identidade ou que permitem sua identifica\u00e7\u00e3o, como dados de localiza\u00e7\u00e3o, endere\u00e7o eletr\u00f4nico (e-mail) e endere\u00e7o de IP.<\/span><\/p><p><span style=\"font-weight: 400;\">H\u00e1 tamb\u00e9m dados pessoais sens\u00edveis, que s\u00e3o aqueles aos quais \u00e9 conferida maior prote\u00e7\u00e3o, tendo em vista que sua divulga\u00e7\u00e3o pode gerar exposi\u00e7\u00e3o e constrangimento ao titular. S\u00e3o exemplos: dados sobre origem racial ou \u00e9tnica, convic\u00e7\u00e3o religiosa, opini\u00e3o pol\u00edtica, filia\u00e7\u00e3o a sindicato ou a organiza\u00e7\u00e3o de car\u00e1ter religioso, filos\u00f3fico ou pol\u00edtico, dado referente \u00e0 sa\u00fade ou \u00e0 vida sexual, dado gen\u00e9tico ou biom\u00e9trico.<\/span><\/p><p><span style=\"font-weight: 400;\">Qualquer dado pessoal tratado no InvestBH ocorre para atendimento de uma finalidade espec\u00edfica e depende de permiss\u00e3o legal. O titular ter\u00e1 essa informa\u00e7\u00e3o quando da solicita\u00e7\u00e3o.<\/span><\/p><p>\u00a0<\/p><p><strong>2) Quem \u00e9 o titular de dados?<\/strong><\/p><p><span style=\"font-weight: 400;\">\u00c9 o indiv\u00edduo a que se referem os dados pessoais. O titular \u00e9 sempre uma pessoa natural, ou seja, a LGPD n\u00e3o abrange a prote\u00e7\u00e3o de dados de pessoas jur\u00eddicas. \u00c9 importante lembrar que somente o titular pode realizar pedidos e exercer direitos sobre os seus dados.<\/span><\/p><p>\u00a0<\/p><p><strong>3) O que \u00e9 tratamento de dados?<\/strong><\/p><p><span style=\"font-weight: 400;\">Podem ser quaisquer atividades realizadas com dados pessoais, como, por exemplo: coleta, produ\u00e7\u00e3o, recep\u00e7\u00e3o, classifica\u00e7\u00e3o, utiliza\u00e7\u00e3o, acesso, reprodu\u00e7\u00e3o, transmiss\u00e3o, distribui\u00e7\u00e3o, processamento, arquivamento, armazenamento, elimina\u00e7\u00e3o, avalia\u00e7\u00e3o ou controle da informa\u00e7\u00e3o, modifica\u00e7\u00e3o, comunica\u00e7\u00e3o, transfer\u00eancia, difus\u00e3o ou extra\u00e7\u00e3o.<\/span><\/p><p>\u00a0<\/p><p><strong>4) O que \u00e9 anonimiza\u00e7\u00e3o de dados?<\/strong><\/p><p><span style=\"font-weight: 400;\">\u00c9 uma t\u00e9cnica que n\u00e3o permite a identifica\u00e7\u00e3o de dados, considerando a utiliza\u00e7\u00e3o de meios t\u00e9cnicos razo\u00e1veis e dispon\u00edveis na ocasi\u00e3o de seu tratamento, como, por exemplo, supress\u00e3o de parte do dado ou encobrimento. Para ser considerado anonimiza\u00e7\u00e3o, \u00e9 necess\u00e1rio que o procedimento n\u00e3o possa ser revertido.<\/span><\/p><p>\u00a0<\/p><p><strong>5) Onde meus dados s\u00e3o coletados?<\/strong><\/p><p><span style=\"font-weight: 400;\">Os dados pessoais s\u00e3o coletados por meio de formul\u00e1rios pr\u00f3prios (exemplo: Fale Conosco), por e-mail ou por meio f\u00edsico.<\/span><\/p><p>\u00a0<\/p><p><strong>6) Sempre tenho que fornecer meus dados pessoais?<\/strong><\/p><p><span style=\"font-weight: 400;\">N\u00e3o. Os dados apenas podem ser tratados se houver uma finalidade expl\u00edcita, leg\u00edtima e informada ao titular de dados. Al\u00e9m disso, \u00e9 necess\u00e1rio que o tratamento de dados seja enquadrado em uma das seguintes hip\u00f3teses legais:<\/span><\/p><p>\u00a0<\/p><ul><li><span style=\"font-weight: 400;\"> Cumprimento de obriga\u00e7\u00e3o legal, por exemplo: registro de den\u00fancias em Ouvidoria;<\/span><\/li><li><span style=\"font-weight: 400;\"> Execu\u00e7\u00e3o de pol\u00edticas p\u00fablicas, por exemplo: documenta\u00e7\u00e3o para conv\u00eanios, termos de coopera\u00e7\u00e3o e acordos de parcerias;<\/span><\/li><li><span style=\"font-weight: 400;\"> Execu\u00e7\u00e3o de contratos, por exemplo: documenta\u00e7\u00e3o proveniente de licita\u00e7\u00e3o ou contrata\u00e7\u00e3o;<\/span><\/li><li><span style=\"font-weight: 400;\"> Exerc\u00edcio de direitos, por exemplo: dados pessoais de indiv\u00edduos que constam em processos judiciais ou administrativos em que a Codemge seja parte;<\/span><\/li><li><span style=\"font-weight: 400;\"> Mediante consentimento, por exemplo: uma pesquisa de satisfa\u00e7\u00e3o;<\/span><\/li><li><span style=\"font-weight: 400;\"> Leg\u00edtimo interesse do projeto: quando o tratamento for adequado, proporcional, leg\u00edtimo e l\u00edcito, e as outras bases legais n\u00e3o forem compat\u00edveis. Nesse tratamento, \u00e9 necess\u00e1rio que n\u00e3o prevale\u00e7am direitos e liberdades fundamentais do titular que exijam a prote\u00e7\u00e3o.<\/span><\/li><\/ul><p><span style=\"font-weight: 400;\">Aten\u00e7\u00e3o: seus dados apenas podem ser usados pelo InvestBH para a finalidade informada.<\/span><\/p><p>\u00a0<\/p><p><strong>7) Quais s\u00e3o meus direitos como titular de dados?<\/strong><\/p><p><span style=\"font-weight: 400;\">S\u00e3o seus direitos em rela\u00e7\u00e3o aos seus dados:<\/span><\/p><ul><li><span style=\"font-weight: 400;\"> Confirma\u00e7\u00e3o da exist\u00eancia de tratamento;<\/span><\/li><li><span style=\"font-weight: 400;\"> Acesso aos dados;<\/span><\/li><li><span style=\"font-weight: 400;\"> Corre\u00e7\u00e3o de dados incompletos, inexatos ou desatualizados;<\/span><\/li><li><span style=\"font-weight: 400;\"> Restri\u00e7\u00e3o: anonimiza\u00e7\u00e3o, bloqueio ou elimina\u00e7\u00e3o de dados desnecess\u00e1rios, excessivos ou tratados em desconformidade com o disposto na Lei Geral de Prote\u00e7\u00e3o de Dados Pessoais (LGPD);<\/span><\/li><li><span style=\"font-weight: 400;\"> Elimina\u00e7\u00e3o dos dados pessoais tratados em desconformidade ou mediante a revoga\u00e7\u00e3o do consentimento do titular, quando essa for a base legal que permitia o tratamento;<\/span><\/li><li><span style=\"font-weight: 400;\"> Informa\u00e7\u00e3o das entidades p\u00fablicas e privadas com as quais o InvestBH realizou uso compartilhado de dados;<\/span><\/li><li><span style=\"font-weight: 400;\"> Informa\u00e7\u00e3o sobre a possibilidade de n\u00e3o fornecer consentimento e sobre as consequ\u00eancias da negativa;<\/span><\/li><li><span style=\"font-weight: 400;\"> Revoga\u00e7\u00e3o do consentimento.<\/span><\/li><\/ul><p><span style=\"font-weight: 400;\">A elimina\u00e7\u00e3o dos dados se d\u00e1 ap\u00f3s o t\u00e9rmino do tratamento; por\u00e9m, podem ser conservados nas seguintes situa\u00e7\u00f5es previstas na LGPD:<\/span><\/p><ul><li><span style=\"font-weight: 400;\"> Cumprimento de obriga\u00e7\u00e3o legal ou regulat\u00f3ria pelo InvestBH;<\/span><\/li><li><span style=\"font-weight: 400;\"> Transfer\u00eancia a terceiro, desde que respeitados os requisitos de tratamento de dados dispostos da LGPD;<\/span><\/li><li><span style=\"font-weight: 400;\"> Uso exclusivo do InvestBH, vedado seu acesso por terceiro, e desde que anonimizados os dados.<\/span><\/li><\/ul><p>\u00a0<\/p><p><strong>8) Qual a forma de comunica\u00e7\u00e3o com o InvestBH?<\/strong><\/p><p><span style=\"font-weight: 400;\">Os titulares de dados podem entrar em contato pelo Fale Conosco.\u00a0<\/span><\/p><p>\u00a0<\/p><p><strong>9) O que \u00e9 a ANPD?<\/strong><\/p><p><span style=\"font-weight: 400;\">\u00c9 a Autoridade Nacional de Prote\u00e7\u00e3o de Dados, \u00f3rg\u00e3o da Administra\u00e7\u00e3o P\u00fablica federal respons\u00e1vel por zelar, implementar e fiscalizar o cumprimento da LGPD, al\u00e9m de editar regulamentos e procedimentos a serem cumpridos.<\/span><\/p><p><span style=\"font-weight: 400;\">Outras informa\u00e7\u00f5es: www.gov.br\/anpd.<\/span><\/p><p>\u00a0<\/p><p><strong>10) O que s\u00e3o cookies e quais s\u00e3o usados no site do InvestBH?<\/strong><\/p><p><span style=\"font-weight: 400;\">Cookies s\u00e3o pequenos arquivos de texto que podem ser salvos no dispositivo (computador, tablet ou telefone) do usu\u00e1rio, quando visita um s\u00edtio na internet. Isso serve para aprimorar a experi\u00eancia do usu\u00e1rio e sua navega\u00e7\u00e3o pelas p\u00e1ginas. Por meio da contabiliza\u00e7\u00e3o de dados de acesso e do registro de atividades, proporcionada pelos cookies, \u00e9 poss\u00edvel disponibilizar conte\u00fados mais assertivos. Al\u00e9m disso, os cookies tamb\u00e9m s\u00e3o necess\u00e1rios para o registro do conhecimento do usu\u00e1rio sobre a pol\u00edtica de privacidade do portal.<\/span><\/p><p>\u00a0<\/p><p><span style=\"font-weight: 400;\">Esta p\u00e1gina utiliza os chamados \u201ccookies de sess\u00e3o\u201d, que s\u00e3o imediatamente apagados quando o usu\u00e1rio sai do seu navegador. Os cookies de sess\u00e3o permitem, por exemplo, registrar um identificador \u00fanico do usu\u00e1rio (n\u00famero gerado aleatoriamente), mantendo seu anonimato.<\/span><\/p><p><span style=\"font-weight: 400;\">Tamb\u00e9m usa os chamados \u201ccookies persistentes\u201d, que permanecem presentes ap\u00f3s o encerramento da sess\u00e3o. Esses cookies t\u00eam durabilidade vari\u00e1vel, de um minuto a dois anos. A partir de tais arquivos, podem ser registradas informa\u00e7\u00f5es relacionadas aos interesses dos usu\u00e1rios, como as p\u00e1ginas visitadas e seu retorno ao site, tendo como finalidade exclusiva a adapta\u00e7\u00e3o da disposi\u00e7\u00e3o e do conte\u00fado do site aos anseios dos usu\u00e1rios, de forma a tornar a experi\u00eancia de uso do portal cada vez mais agrad\u00e1vel.\u00a0<\/span><\/p>\t\t\t\t\t\t<\/div>\n\t\t\t\t<\/div>\n\t\t\t\t\t<\/div>\n\t\t<\/div>\n\t\t\t\t\t\t\t<\/div>\n\t\t<\/section>\n\t\t\t\t\t\t\t<\/div>","protected":false},"excerpt":{"rendered":"<p>Pol\u00edticas de Privacidade A Lei Geral de Prote\u00e7\u00e3o de Dados Pessoais (LGPD), Lei 13.709\/2018, prev\u00ea uma s\u00e9rie de regras para que os dados das pessoas sejam protegidos de uso indevido. \u00a0 A seguir, apresentamos os principais pontos que dizem respeito aos usu\u00e1rios externos e nos colocamos \u00e0 disposi\u00e7\u00e3o por meio dos canais de contato para [&hellip;]<\/p>","protected":false},"author":1,"featured_media":0,"parent":0,"menu_order":0,"comment_status":"closed","ping_status":"closed","template":"","meta":[],"_links":{"self":[{"href":"https:\/\/investbelohorizonte.com.br\/en\/wp-json\/wp\/v2\/pages\/1083"}],"collection":[{"href":"https:\/\/investbelohorizonte.com.br\/en\/wp-json\/wp\/v2\/pages"}],"about":[{"href":"https:\/\/investbelohorizonte.com.br\/en\/wp-json\/wp\/v2\/types\/page"}],"author":[{"embeddable":true,"href":"https:\/\/investbelohorizonte.com.br\/en\/wp-json\/wp\/v2\/users\/1"}],"replies":[{"embeddable":true,"href":"https:\/\/investbelohorizonte.com.br\/en\/wp-json\/wp\/v2\/comments?post=1083"}],"version-history":[{"count":7,"href":"https:\/\/investbelohorizonte.com.br\/en\/wp-json\/wp\/v2\/pages\/1083\/revisions"}],"predecessor-version":[{"id":1090,"href":"https:\/\/investbelohorizonte.com.br\/en\/wp-json\/wp\/v2\/pages\/1083\/revisions\/1090"}],"wp:attachment":[{"href":"https:\/\/investbelohorizonte.com.br\/en\/wp-json\/wp\/v2\/media?parent=1083"}],"curies":[{"name":"wp","href":"https:\/\/api.w.org\/{rel}","templated":true}]}}