{"id":1321,"date":"2024-09-19T20:25:44","date_gmt":"2024-09-19T20:25:44","guid":{"rendered":"https:\/\/investbelohorizonte.com.br\/?page_id=1321"},"modified":"2024-10-04T13:36:41","modified_gmt":"2024-10-04T13:36:41","slug":"mapa-empreende-bh","status":"publish","type":"page","link":"https:\/\/investbelohorizonte.com.br\/en\/mapa-empreende-bh\/","title":{"rendered":"Conhe\u00e7a o Mapa Empreende BH"},"content":{"rendered":"<div data-elementor-type=\"wp-page\" data-elementor-id=\"1321\" class=\"elementor elementor-1321\">\n\t\t\t\t\t\t\t\t\t<section class=\"elementor-section elementor-top-section elementor-element elementor-element-4f8df800 elementor-section-boxed elementor-section-height-default elementor-section-height-default\" data-id=\"4f8df800\" data-element_type=\"section\" data-settings=\"{&quot;jet_parallax_layout_list&quot;:[],&quot;_ha_eqh_enable&quot;:false}\">\n\t\t\t\t\t\t<div class=\"elementor-container elementor-column-gap-default\">\n\t\t\t\t\t<div class=\"elementor-column elementor-col-100 elementor-top-column elementor-element elementor-element-61aaaaf2\" data-id=\"61aaaaf2\" data-element_type=\"column\">\n\t\t\t<div class=\"elementor-widget-wrap elementor-element-populated\">\n\t\t\t\t\t\t\t\t<div class=\"elementor-element elementor-element-617fdfe elementor-widget elementor-widget-text-editor\" data-id=\"617fdfe\" data-element_type=\"widget\" data-widget_type=\"text-editor.default\">\n\t\t\t\t<div class=\"elementor-widget-container\">\n\t\t\t<style>\/*! elementor - v3.6.6 - 08-06-2022 *\/\n.elementor-widget-text-editor.elementor-drop-cap-view-stacked .elementor-drop-cap{background-color:#818a91;color:#fff}.elementor-widget-text-editor.elementor-drop-cap-view-framed .elementor-drop-cap{color:#818a91;border:3px solid;background-color:transparent}.elementor-widget-text-editor:not(.elementor-drop-cap-view-default) .elementor-drop-cap{margin-top:8px}.elementor-widget-text-editor:not(.elementor-drop-cap-view-default) .elementor-drop-cap-letter{width:1em;height:1em}.elementor-widget-text-editor .elementor-drop-cap{float:left;text-align:center;line-height:1;font-size:50px}.elementor-widget-text-editor .elementor-drop-cap-letter{display:inline-block}<\/style>\t\t\t\t<!-- wp:image {\"id\":1322,\"sizeSlug\":\"large\",\"linkDestination\":\"none\"} -->\n<figure class=\"wp-block-image size-large\"><img loading=\"lazy\" width=\"1024\" height=\"446\" src=\"https:\/\/investbelohorizonte.com.br\/wp-content\/uploads\/2024\/09\/Imagem-Mapa-Empreende-BH-1024x446.jpeg\" alt=\"\" class=\"wp-image-1322\" srcset=\"https:\/\/investbelohorizonte.com.br\/wp-content\/uploads\/2024\/09\/Imagem-Mapa-Empreende-BH-1024x446.jpeg 1024w, https:\/\/investbelohorizonte.com.br\/wp-content\/uploads\/2024\/09\/Imagem-Mapa-Empreende-BH-300x131.jpeg 300w, https:\/\/investbelohorizonte.com.br\/wp-content\/uploads\/2024\/09\/Imagem-Mapa-Empreende-BH-768x335.jpeg 768w, https:\/\/investbelohorizonte.com.br\/wp-content\/uploads\/2024\/09\/Imagem-Mapa-Empreende-BH-18x8.jpeg 18w, https:\/\/investbelohorizonte.com.br\/wp-content\/uploads\/2024\/09\/Imagem-Mapa-Empreende-BH.jpeg 1361w\" sizes=\"(max-width: 1024px) 100vw, 1024px\" \/><\/figure>\n<!-- \/wp:image -->\n\n<!-- wp:paragraph -->\n<p><\/p>\n<!-- \/wp:paragraph -->\t\t\t\t\t\t<\/div>\n\t\t\t\t<\/div>\n\t\t\t\t\t<\/div>\n\t\t<\/div>\n\t\t\t\t\t\t\t<\/div>\n\t\t<\/section>\n\t\t\t\t<section class=\"elementor-section elementor-top-section elementor-element elementor-element-b55b89e elementor-section-boxed elementor-section-height-default elementor-section-height-default\" data-id=\"b55b89e\" data-element_type=\"section\" data-settings=\"{&quot;jet_parallax_layout_list&quot;:[],&quot;_ha_eqh_enable&quot;:false}\">\n\t\t\t\t\t\t<div class=\"elementor-container elementor-column-gap-default\">\n\t\t\t\t\t<div class=\"elementor-column elementor-col-100 elementor-top-column elementor-element elementor-element-db9e8d7\" data-id=\"db9e8d7\" data-element_type=\"column\">\n\t\t\t<div class=\"elementor-widget-wrap elementor-element-populated\">\n\t\t\t\t\t\t\t\t<div class=\"elementor-element elementor-element-12511dc elementor-widget elementor-widget-text-editor\" data-id=\"12511dc\" data-element_type=\"widget\" data-widget_type=\"text-editor.default\">\n\t\t\t\t<div class=\"elementor-widget-container\">\n\t\t\t\t\t\t\t<p><strong>Belo Horizonte<\/strong> \u00e9 um celeiro de empreendedores, com milhares de novos neg\u00f3cios surgindo a cada ano. Para impulsionar ainda mais esse ecossistema, a CDL BH, em parceria com a Prefeitura de BH e a GovTech Place tem o prazer de apresentar o <strong>Mapa Empreende BH<\/strong>, uma plataforma gratuita e inovadora que vai revolucionar a forma como voc\u00ea toma decis\u00f5es estrat\u00e9gicas para o seu neg\u00f3cio.<\/p>\n<h1><strong>O que \u00e9 o Mapa Empreende BH?<\/strong><\/h1>\n<p data-sourcepos=\"7:1-7:218\">\u00c9 uma plataforma de geomarketing que re\u00fane dados essenciais sobre a cidade, permitindo que voc\u00ea visualize e analise informa\u00e7\u00f5es relevantes para o seu neg\u00f3cio de forma din\u00e2mica e interativa. Com ele, voc\u00ea ter\u00e1 acesso a:<\/p>\n<ul data-sourcepos=\"9:1-14:0\">\n<li data-sourcepos=\"9:1-9:97\"><strong>Atividades econ\u00f4micas por regi\u00e3o:<\/strong> Saiba onde est\u00e3o seus concorrentes e potenciais clientes.<\/li>\n<li data-sourcepos=\"10:1-10:90\"><strong>Tempo de atividade dos neg\u00f3cios:<\/strong> Avalie a maturidade do mercado em diferentes \u00e1reas.<\/li>\n<li data-sourcepos=\"11:1-11:97\"><strong>Im\u00f3veis n\u00e3o residenciais e terrenos dispon\u00edveis:<\/strong> Encontre o local ideal para abrir ou expandir seu neg\u00f3cio.<\/li>\n<li data-sourcepos=\"12:1-12:97\"><strong>Legisla\u00e7\u00e3o urban\u00edstica:<\/strong> Certifique-se de que sua atividade \u00e9 permitida na regi\u00e3o escolhida.<\/li>\n<li data-sourcepos=\"13:1-14:0\"><strong>E muito mais!<br><\/strong>\n<p><\/p>\n<\/li>\n<\/ul>\n<h2><strong>Por que usar o Mapa Empreende BH?<\/strong><\/h2>\n<ul data-sourcepos=\"17:1-20:0\">\n<li data-sourcepos=\"17:1-17:133\"><strong>Tome decis\u00f5es mais assertivas:<\/strong> Com acesso a dados completos e atualizados, voc\u00ea reduz riscos e aumenta suas chances de sucesso.<\/li>\n<li data-sourcepos=\"18:1-18:208\"><strong>Economize tempo e dinheiro:<\/strong> A plataforma re\u00fane informa\u00e7\u00f5es que antes estavam dispersas em diversos canais, facilitando sua pesquisa e eliminando a necessidade de contratar servi\u00e7os caros de consultoria.<\/li>\n<li data-sourcepos=\"19:1-20:0\"><strong>Tenha um plano de neg\u00f3cios mais s\u00f3lido:<\/strong> Conhe\u00e7a o mercado, fornecedores pr\u00f3ximos, a concorr\u00eancia e as oportunidades antes de investir, expandir, abrir filiais, franquias e outras v\u00e1rias possiblidades.<\/li>\n<\/ul>\n<p data-sourcepos=\"21:1-21:37\"><strong>&nbsp;<\/strong><\/p>\n<h2><strong>Como acessar o Mapa Empreende BH?<\/strong><\/h2>\n<p><\/p>\n<p data-sourcepos=\"23:1-23:211\">Acesse o site da&nbsp;<a href=\"https:\/\/www.cdlbh.com.br\/\" target=\"_blank\" rel=\"noopener\">CDL BH<\/a>, navegue pelo menu Solu\u00e7\u00f5es no canto superior esquerdo da tela, clique em <b>Mapa Empreende BH<\/b> e preencha um breve cadastro. A plataforma \u00e9 otimizada para uso em computadores, garantindo a melhor experi\u00eancia na visualiza\u00e7\u00e3o e an\u00e1lise dos dados.<\/p>\n<p data-sourcepos=\"25:1-25:150\"><strong>Invista em Belo Horizonte com confian\u00e7a.<\/strong> O Mapa Empreende BH \u00e9 a ferramenta que voc\u00ea precisa para transformar sua ideia em um neg\u00f3cio de sucesso.<\/p>\n<p data-sourcepos=\"27:1-27:88\"><strong>Comece a usar agora mesmo e descubra o potencial da sua empresa na capital mineira!<\/strong><\/p>\n<p data-sourcepos=\"27:1-27:88\">\n<\/p>\t\t\t\t\t\t<\/div>\n\t\t\t\t<\/div>\n\t\t\t\t\t<\/div>\n\t\t<\/div>\n\t\t\t\t\t\t\t<\/div>\n\t\t<\/section>\n\t\t\t\t<section class=\"elementor-section elementor-top-section elementor-element elementor-element-e856534 elementor-section-boxed elementor-section-height-default elementor-section-height-default\" data-id=\"e856534\" data-element_type=\"section\" data-settings=\"{&quot;jet_parallax_layout_list&quot;:[],&quot;_ha_eqh_enable&quot;:false}\">\n\t\t\t\t\t\t<div class=\"elementor-container elementor-column-gap-default\">\n\t\t\t\t\t<div class=\"elementor-column elementor-col-100 elementor-top-column elementor-element elementor-element-f156595\" data-id=\"f156595\" data-element_type=\"column\">\n\t\t\t<div class=\"elementor-widget-wrap elementor-element-populated\">\n\t\t\t\t\t\t\t\t<div class=\"elementor-element elementor-element-76f4c5e elementor-button-success elementor-widget elementor-widget-button\" data-id=\"76f4c5e\" data-element_type=\"widget\" data-widget_type=\"button.default\">\n\t\t\t\t<div class=\"elementor-widget-container\">\n\t\t\t\t\t<div class=\"elementor-button-wrapper\">\n\t\t\t<a href=\"https:\/\/www.ospa.place\/mapa-empreende-bh\" target=\"_blank\" class=\"elementor-button-link elementor-button elementor-size-md\" role=\"button\">\n\t\t\t\t\t\t<span class=\"elementor-button-content-wrapper\">\n\t\t\t\t\t\t<span class=\"elementor-button-text\">Conhecer plataforma<\/span>\n\t\t<\/span>\n\t\t\t\t\t<\/a>\n\t\t<\/div>\n\t\t\t\t<\/div>\n\t\t\t\t<\/div>\n\t\t\t\t\t<\/div>\n\t\t<\/div>\n\t\t\t\t\t\t\t<\/div>\n\t\t<\/section>\n\t\t\t\t<section class=\"elementor-section elementor-top-section elementor-element elementor-element-72a2022 elementor-section-full_width elementor-section-height-default elementor-section-height-default\" data-id=\"72a2022\" data-element_type=\"section\" data-settings=\"{&quot;jet_parallax_layout_list&quot;:[],&quot;_ha_eqh_enable&quot;:false}\">\n\t\t\t\t\t\t<div class=\"elementor-container elementor-column-gap-default\">\n\t\t\t\t\t<div class=\"elementor-column elementor-col-20 elementor-top-column elementor-element elementor-element-1fa2e57\" data-id=\"1fa2e57\" data-element_type=\"column\">\n\t\t\t<div class=\"elementor-widget-wrap elementor-element-populated\">\n\t\t\t\t\t\t\t\t<div class=\"elementor-element elementor-element-09b1849 elementor-widget elementor-widget-image\" data-id=\"09b1849\" data-element_type=\"widget\" data-widget_type=\"image.default\">\n\t\t\t\t<div class=\"elementor-widget-container\">\n\t\t\t<style>\/*! elementor - v3.6.6 - 08-06-2022 *\/\n.elementor-widget-image{text-align:center}.elementor-widget-image a{display:inline-block}.elementor-widget-image a img[src$=\".svg\"]{width:48px}.elementor-widget-image img{vertical-align:middle;display:inline-block}<\/style>\t\t\t\t\t\t\t\t\t\t\t\t\t<a href=\"https:\/\/prefeitura.pbh.gov.br\/\">\n\t\t\t\t\t\t\t<img width=\"111\" height=\"140\" src=\"https:\/\/investbelohorizonte.com.br\/wp-content\/uploads\/2024\/10\/brasao-pbh.png\" class=\"attachment-full size-full\" alt=\"\" loading=\"lazy\" srcset=\"https:\/\/investbelohorizonte.com.br\/wp-content\/uploads\/2024\/10\/brasao-pbh.png 111w, https:\/\/investbelohorizonte.com.br\/wp-content\/uploads\/2024\/10\/brasao-pbh-10x12.png 10w\" sizes=\"(max-width: 111px) 100vw, 111px\" \/>\t\t\t\t\t\t\t\t<\/a>\n\t\t\t\t\t\t\t\t\t\t\t\t\t\t\t<\/div>\n\t\t\t\t<\/div>\n\t\t\t\t\t<\/div>\n\t\t<\/div>\n\t\t\t\t<div class=\"elementor-column elementor-col-20 elementor-top-column elementor-element elementor-element-61d0b69\" data-id=\"61d0b69\" data-element_type=\"column\">\n\t\t\t<div class=\"elementor-widget-wrap elementor-element-populated\">\n\t\t\t\t\t\t\t\t<div class=\"elementor-element elementor-element-d54da4a elementor-widget elementor-widget-image\" data-id=\"d54da4a\" data-element_type=\"widget\" data-widget_type=\"image.default\">\n\t\t\t\t<div class=\"elementor-widget-container\">\n\t\t\t\t\t\t\t\t\t\t\t\t\t\t\t\t<a href=\"https:\/\/www.cdlbh.com.br\/\">\n\t\t\t\t\t\t\t<img width=\"300\" height=\"300\" src=\"https:\/\/investbelohorizonte.com.br\/wp-content\/uploads\/2024\/10\/logo-cdl-e1728048914837-300x300.png\" class=\"attachment-medium size-medium\" alt=\"\" loading=\"lazy\" srcset=\"https:\/\/investbelohorizonte.com.br\/wp-content\/uploads\/2024\/10\/logo-cdl-e1728048914837-300x300.png 300w, https:\/\/investbelohorizonte.com.br\/wp-content\/uploads\/2024\/10\/logo-cdl-e1728048914837-1024x1024.png 1024w, https:\/\/investbelohorizonte.com.br\/wp-content\/uploads\/2024\/10\/logo-cdl-e1728048914837-150x150.png 150w, https:\/\/investbelohorizonte.com.br\/wp-content\/uploads\/2024\/10\/logo-cdl-e1728048914837-768x768.png 768w, https:\/\/investbelohorizonte.com.br\/wp-content\/uploads\/2024\/10\/logo-cdl-e1728048914837-12x12.png 12w, https:\/\/investbelohorizonte.com.br\/wp-content\/uploads\/2024\/10\/logo-cdl-e1728048914837.png 1080w\" sizes=\"(max-width: 300px) 100vw, 300px\" \/>\t\t\t\t\t\t\t\t<\/a>\n\t\t\t\t\t\t\t\t\t\t\t\t\t\t\t<\/div>\n\t\t\t\t<\/div>\n\t\t\t\t\t<\/div>\n\t\t<\/div>\n\t\t\t\t<div class=\"elementor-column elementor-col-20 elementor-top-column elementor-element elementor-element-21a2299\" data-id=\"21a2299\" data-element_type=\"column\">\n\t\t\t<div class=\"elementor-widget-wrap\">\n\t\t\t\t\t\t\t\t\t<\/div>\n\t\t<\/div>\n\t\t\t\t<div class=\"elementor-column elementor-col-20 elementor-top-column elementor-element elementor-element-33c19ee\" data-id=\"33c19ee\" data-element_type=\"column\">\n\t\t\t<div class=\"elementor-widget-wrap\">\n\t\t\t\t\t\t\t\t\t<\/div>\n\t\t<\/div>\n\t\t\t\t<div class=\"elementor-column elementor-col-20 elementor-top-column elementor-element elementor-element-4bb51d2\" data-id=\"4bb51d2\" data-element_type=\"column\">\n\t\t\t<div class=\"elementor-widget-wrap\">\n\t\t\t\t\t\t\t\t\t<\/div>\n\t\t<\/div>\n\t\t\t\t\t\t\t<\/div>\n\t\t<\/section>\n\t\t\t\t\t\t\t<\/div>","protected":false},"excerpt":{"rendered":"<p>Belo Horizonte \u00e9 um celeiro de empreendedores, com milhares de novos neg\u00f3cios surgindo a cada ano. Para impulsionar ainda mais esse ecossistema, a CDL BH, em parceria com a Prefeitura de BH e a GovTech Place tem o prazer de apresentar o Mapa Empreende BH, uma plataforma gratuita e inovadora que vai revolucionar a forma [&hellip;]<\/p>","protected":false},"author":2,"featured_media":0,"parent":0,"menu_order":0,"comment_status":"closed","ping_status":"closed","template":"","meta":[],"_links":{"self":[{"href":"https:\/\/investbelohorizonte.com.br\/en\/wp-json\/wp\/v2\/pages\/1321"}],"collection":[{"href":"https:\/\/investbelohorizonte.com.br\/en\/wp-json\/wp\/v2\/pages"}],"about":[{"href":"https:\/\/investbelohorizonte.com.br\/en\/wp-json\/wp\/v2\/types\/page"}],"author":[{"embeddable":true,"href":"https:\/\/investbelohorizonte.com.br\/en\/wp-json\/wp\/v2\/users\/2"}],"replies":[{"embeddable":true,"href":"https:\/\/investbelohorizonte.com.br\/en\/wp-json\/wp\/v2\/comments?post=1321"}],"version-history":[{"count":18,"href":"https:\/\/investbelohorizonte.com.br\/en\/wp-json\/wp\/v2\/pages\/1321\/revisions"}],"predecessor-version":[{"id":1356,"href":"https:\/\/investbelohorizonte.com.br\/en\/wp-json\/wp\/v2\/pages\/1321\/revisions\/1356"}],"wp:attachment":[{"href":"https:\/\/investbelohorizonte.com.br\/en\/wp-json\/wp\/v2\/media?parent=1321"}],"curies":[{"name":"wp","href":"https:\/\/api.w.org\/{rel}","templated":true}]}}